{"id":9731,"date":"2022-04-19T12:00:12","date_gmt":"2022-04-19T10:00:12","guid":{"rendered":"https:\/\/autobrand.ro\/?post_type=product&#038;p=9731"},"modified":"2025-04-13T15:32:17","modified_gmt":"2025-04-13T13:32:17","slug":"janta-aliaj-22-5-x-9-00-26-mm","status":"publish","type":"product","link":"https:\/\/autobrand.ro\/en\/product\/janta-aliaj-22-5-x-9-00-26-mm\/","title":{"rendered":"Jant\u0103 aliaj 22.5 x 9.00 &#8211; 26 mm"},"content":{"rendered":"<p>Jant\u0103 aliaj 22.5 x 9.00 26 mm gaur\u0103 \u0219urub Alcoa<\/p>\n","protected":false},"excerpt":{"rendered":"<p>Jant\u0103 aliaj 22.5 x 9.00 26 mm gaur\u0103 \u0219urub Alcoa<\/p>\n","protected":false},"featured_media":9728,"comment_status":"open","ping_status":"closed","template":"","meta":{"_et_pb_use_builder":"","_et_pb_old_content":"","_et_gb_content_width":""},"product_brand":[],"product_cat":[15],"product_tag":[],"class_list":{"0":"post-9731","1":"product","2":"type-product","3":"status-publish","4":"has-post-thumbnail","6":"product_cat-uncategorized","8":"first","9":"outofstock","10":"shipping-taxable","11":"product-type-simple"},"_links":{"self":[{"href":"https:\/\/autobrand.ro\/en\/wp-json\/wp\/v2\/product\/9731","targetHints":{"allow":["GET"]}}],"collection":[{"href":"https:\/\/autobrand.ro\/en\/wp-json\/wp\/v2\/product"}],"about":[{"href":"https:\/\/autobrand.ro\/en\/wp-json\/wp\/v2\/types\/product"}],"replies":[{"embeddable":true,"href":"https:\/\/autobrand.ro\/en\/wp-json\/wp\/v2\/comments?post=9731"}],"wp:featuredmedia":[{"embeddable":true,"href":"https:\/\/autobrand.ro\/en\/wp-json\/wp\/v2\/media\/9728"}],"wp:attachment":[{"href":"https:\/\/autobrand.ro\/en\/wp-json\/wp\/v2\/media?parent=9731"}],"wp:term":[{"taxonomy":"product_brand","embeddable":true,"href":"https:\/\/autobrand.ro\/en\/wp-json\/wp\/v2\/product_brand?post=9731"},{"taxonomy":"product_cat","embeddable":true,"href":"https:\/\/autobrand.ro\/en\/wp-json\/wp\/v2\/product_cat?post=9731"},{"taxonomy":"product_tag","embeddable":true,"href":"https:\/\/autobrand.ro\/en\/wp-json\/wp\/v2\/product_tag?post=9731"}],"curies":[{"name":"wp","href":"https:\/\/api.w.org\/{rel}","templated":true}]}}