{"id":9730,"date":"2022-04-19T11:49:04","date_gmt":"2022-04-19T09:49:04","guid":{"rendered":"https:\/\/autobrand.ro\/?post_type=product&#038;p=9730"},"modified":"2024-07-15T13:39:43","modified_gmt":"2024-07-15T11:39:43","slug":"janta-22-5x9-00-et175-10-gauri","status":"publish","type":"product","link":"https:\/\/autobrand.ro\/en\/product\/janta-22-5x9-00-et175-10-gauri\/","title":{"rendered":"Jant\u0103 22.5&#215;9.00 ET175 &#8211; 10 g\u0103uri"},"content":{"rendered":"<p><strong>Jant\u0103 LKW 22.5&#215;9.00 ET175 cu 10 g\u0103uri Jantsa<\/strong><\/p>\n","protected":false},"excerpt":{"rendered":"<p>Jant\u0103 LKW 22.5&#215;9.00 ET175 cu 10 g\u0103uri Jantsa<\/p>\n","protected":false},"featured_media":9728,"comment_status":"open","ping_status":"closed","template":"","meta":{"_et_pb_use_builder":"","_et_pb_old_content":"","_et_gb_content_width":""},"product_brand":[],"product_cat":[44],"product_tag":[],"class_list":{"0":"post-9730","1":"product","2":"type-product","3":"status-publish","4":"has-post-thumbnail","6":"product_cat-jante-auto-camioane","8":"first","9":"outofstock","10":"shipping-taxable","11":"product-type-simple"},"_links":{"self":[{"href":"https:\/\/autobrand.ro\/en\/wp-json\/wp\/v2\/product\/9730","targetHints":{"allow":["GET"]}}],"collection":[{"href":"https:\/\/autobrand.ro\/en\/wp-json\/wp\/v2\/product"}],"about":[{"href":"https:\/\/autobrand.ro\/en\/wp-json\/wp\/v2\/types\/product"}],"replies":[{"embeddable":true,"href":"https:\/\/autobrand.ro\/en\/wp-json\/wp\/v2\/comments?post=9730"}],"wp:featuredmedia":[{"embeddable":true,"href":"https:\/\/autobrand.ro\/en\/wp-json\/wp\/v2\/media\/9728"}],"wp:attachment":[{"href":"https:\/\/autobrand.ro\/en\/wp-json\/wp\/v2\/media?parent=9730"}],"wp:term":[{"taxonomy":"product_brand","embeddable":true,"href":"https:\/\/autobrand.ro\/en\/wp-json\/wp\/v2\/product_brand?post=9730"},{"taxonomy":"product_cat","embeddable":true,"href":"https:\/\/autobrand.ro\/en\/wp-json\/wp\/v2\/product_cat?post=9730"},{"taxonomy":"product_tag","embeddable":true,"href":"https:\/\/autobrand.ro\/en\/wp-json\/wp\/v2\/product_tag?post=9730"}],"curies":[{"name":"wp","href":"https:\/\/api.w.org\/{rel}","templated":true}]}}